{"id":12,"date":"2022-02-11T09:39:57","date_gmt":"2022-02-11T09:39:57","guid":{"rendered":"https:\/\/ithesound.com\/?page_id=12"},"modified":"2022-10-23T06:17:32","modified_gmt":"2022-10-23T06:17:32","slug":"voice-postproduction-services","status":"publish","type":"page","link":"https:\/\/ithesound.com\/es\/","title":{"rendered":"Servicios de postproducci\u00f3n de voz para el \u00e1mbito online"},"content":{"rendered":"<p>iTheSound trae <strong>Servicios de postproducci\u00f3n de voz<\/strong> a autores, educadores, terapeutas y profesores que valoran una excelente calidad de sonido, quieren aportar un enfoque creativo, art\u00edstico y conmovedor a su producci\u00f3n y necesitan pensar estrat\u00e9gicamente sobre c\u00f3mo llevar su voz al \u00e1mbito online.<\/p>\n\n\n\n<p>Con iTheSound recibes atenci\u00f3n personalizada durante todo el desarrollo de tu idea. Desde las primeras etapas del concepto hasta tu audiencia <em>te siente<\/em> A trav\u00e9s de sus auriculares, eliminar\u00e9 los obst\u00e1culos tecnol\u00f3gicos, brindar\u00e9 el entrenamiento y la tutor\u00eda necesarios para que puedas concentrarte en el contenido y brindar\u00e9 un sonido excepcional que dejar\u00e1 una huella en el coraz\u00f3n de tu audiencia.<\/p>\n\n\n\n<p>Si eres un educador, un autor, un profesor de meditaci\u00f3n, un terapeuta que utiliza la voz o el sonido para llegar a una audiencia... <\/p>\n\n\n\n<p>Si quieres crear fant\u00e1sticos podcasts, audiolibros, clases online o experiencias de audio... <\/p>\n\n\n\n<p>Si no quieres pasar meses luchando por todo el mambo-jambo t\u00e9cnico para terminar sonando como un aficionado, entonces cont\u00e1ctame en el formulario a continuaci\u00f3n y te llevaremos a donde quieres estar.<\/p>","protected":false},"excerpt":{"rendered":"<p>iTheSound brings Voice Postproduction Services to authors, educators, therapists and teachers who value excellent sound quality, want to bring a creative, artistic and soulful approach to their output, and need to think strategically about how to bring their Voice to the online arena. With iTheSound you receive one on one personalised attention throughout the development [&hellip;]<\/p>\n","protected":false},"author":1,"featured_media":18,"parent":0,"menu_order":0,"comment_status":"closed","ping_status":"closed","template":"","meta":{"footnotes":""},"class_list":["post-12","page","type-page","status-publish","has-post-thumbnail","hentry"],"_links":{"self":[{"href":"https:\/\/ithesound.com\/es\/wp-json\/wp\/v2\/pages\/12","targetHints":{"allow":["GET"]}}],"collection":[{"href":"https:\/\/ithesound.com\/es\/wp-json\/wp\/v2\/pages"}],"about":[{"href":"https:\/\/ithesound.com\/es\/wp-json\/wp\/v2\/types\/page"}],"author":[{"embeddable":true,"href":"https:\/\/ithesound.com\/es\/wp-json\/wp\/v2\/users\/1"}],"replies":[{"embeddable":true,"href":"https:\/\/ithesound.com\/es\/wp-json\/wp\/v2\/comments?post=12"}],"version-history":[{"count":1,"href":"https:\/\/ithesound.com\/es\/wp-json\/wp\/v2\/pages\/12\/revisions"}],"predecessor-version":[{"id":58,"href":"https:\/\/ithesound.com\/es\/wp-json\/wp\/v2\/pages\/12\/revisions\/58"}],"wp:featuredmedia":[{"embeddable":true,"href":"https:\/\/ithesound.com\/es\/wp-json\/wp\/v2\/media\/18"}],"wp:attachment":[{"href":"https:\/\/ithesound.com\/es\/wp-json\/wp\/v2\/media?parent=12"}],"curies":[{"name":"wp","href":"https:\/\/api.w.org\/{rel}","templated":true}]}}